{"id":2204,"date":"2015-03-04T13:19:09","date_gmt":"2015-03-04T13:19:09","guid":{"rendered":"https:\/\/sigmapublicidade.com.br\/spm\/?page_id=15"},"modified":"2025-12-04T20:47:46","modified_gmt":"2025-12-04T20:47:46","slug":"who-we-are","status":"publish","type":"page","link":"https:\/\/sigmapublicidade.com.br\/spm\/who-we-are\/","title":{"rendered":"Quem somos"},"content":{"rendered":"<h2>A Sigma Publicidade &amp; Marketing<\/h2>\n<p>Uma empresa nascida de um ideal em 2007, ano em que seu fundador resolveu parar de lecionar Publicidade em cursinhos e investiu determinado a criar uma Ag\u00eancia de Publicidade que poderia atender ao Micro, Pequeno e M\u00e9dio empreendedor, com a mesma qualidade, dedica\u00e7\u00e3o e valor justo. Nada de pre\u00e7os exorbitantes para projetos que cujo o custo seria muito mais baixo n\u00e3o fosse a griffie da Ag\u00eancia. Assim nasceu a <strong>SOLU\u00c7\u00d5ES INTELIGENTES NA GEST\u00c3O DO MARKETING APLIC\u00c1VEL<\/strong>,\u00a0ou simplesmente <strong>SIGMA.<\/strong><\/p>\n<hr \/>\n<h2>Miss\u00e3o<\/h2>\n<p>Trazer \u00e0 toda classe comercial uma mesma oportunidade de poder divulgar produtos e servi\u00e7os com qualidade, criando um mercado competitivo mais justo e igualit\u00e1rio. Evitar que empresas de m\u00e1 \u00edndole tomem lugar no mercado oferecendo servi\u00e7os e produtos sem qualidade, nocivos e onerosos. Criar oportunidades de emprego indireto com bons projetos e parcerias, fomentando assim uma significativa melhoria na economia.<\/p>\n<h2>Vis\u00e3o<\/h2>\n<p>elevar o padr\u00e3o de informa\u00e7\u00f5es sobre produtos e servi\u00e7os, proporcionando ao consumidor final uma confian\u00e7a na aquisi\u00e7\u00e3o. Essa confian\u00e7a \u00e9 uma parceria da Sigma Publicidade &amp; Marketing e seu cliente, que atrav\u00e9s de orienta\u00e7\u00f5es, consultorias e ger\u00eancia de projetos, levam ao mercado produtos e servi\u00e7os de qualidade, melhorando sempre a qualidade e preservando a imagem do cliente diante de seu consumidor.<\/p>\n<h2>Valores<\/h2>\n<p>A Sigma Publicidade &amp; Marketing \u00e9 pautada nos mais puros valores e princ\u00edpios da \u00e9tica e moralidade. N\u00e3o compactuamos com produtos e servi\u00e7os nocivos ao consumidor. Acreditamos que nossa PALAVRA tem muito peso nas escolhas do consumidor final e isso \u00e9 uma responsabilidade de extrema import\u00e2ncia. <em>Jogos de azar, tabaco, incentivo \u00e0 viol\u00eancia, promo\u00e7\u00e3o pol\u00edtica duvidosa, propaga\u00e7\u00e3o de Fake News e outros servi\u00e7os escusos<\/em>, n\u00e3o fazem parte do ROL de atendimento da Sigma Publicidade &amp; Marketing.<\/p>\n<hr \/>\n<h2>Quem e onde atendemos.<\/h2>\n<p>N\u00f3s atendemos \u00e0 todos que nos procuram, sem distin\u00e7\u00e3o dentro das leis do bom senso e da \u00e9tica, como mencionado mais acima. Podemos atender \u00e0 todo o territ\u00f3rio nacional seja em Marketing Impresso ou Virtual. A PARCERIA \u00e9 triangular, sendo <strong>Prestador, Cliente e Consumidor<\/strong>, um sistema rotativo de informa\u00e7\u00f5es que abastece o mercado e mant\u00e9m as engrenagens econ\u00f4micas rodando \u00e0 pleno vapor.<\/p>\n","protected":false},"excerpt":{"rendered":"<p>A Sigma Publicidade &amp; Marketing Uma empresa nascida de um ideal em 2007, ano em que seu fundador resolveu parar de lecionar Publicidade em cursinhos e<span class=\"excerpt-hellip\"> [\u2026]<\/span><\/p>\n","protected":false},"author":1,"featured_media":-1,"parent":0,"menu_order":0,"comment_status":"open","ping_status":"open","template":"","meta":{"footnotes":""},"class_list":["post-2204","page","type-page","status-publish","has-post-thumbnail","hentry"],"_links":{"self":[{"href":"https:\/\/sigmapublicidade.com.br\/spm\/wp-json\/wp\/v2\/pages\/2204","targetHints":{"allow":["GET"]}}],"collection":[{"href":"https:\/\/sigmapublicidade.com.br\/spm\/wp-json\/wp\/v2\/pages"}],"about":[{"href":"https:\/\/sigmapublicidade.com.br\/spm\/wp-json\/wp\/v2\/types\/page"}],"author":[{"embeddable":true,"href":"https:\/\/sigmapublicidade.com.br\/spm\/wp-json\/wp\/v2\/users\/1"}],"replies":[{"embeddable":true,"href":"https:\/\/sigmapublicidade.com.br\/spm\/wp-json\/wp\/v2\/comments?post=2204"}],"version-history":[{"count":3,"href":"https:\/\/sigmapublicidade.com.br\/spm\/wp-json\/wp\/v2\/pages\/2204\/revisions"}],"predecessor-version":[{"id":2217,"href":"https:\/\/sigmapublicidade.com.br\/spm\/wp-json\/wp\/v2\/pages\/2204\/revisions\/2217"}],"wp:featuredmedia":[{"embeddable":true,"href":"https:\/\/sigmapublicidade.com.br\/spm\/wp-json\/"}],"wp:attachment":[{"href":"https:\/\/sigmapublicidade.com.br\/spm\/wp-json\/wp\/v2\/media?parent=2204"}],"curies":[{"name":"wp","href":"https:\/\/api.w.org\/{rel}","templated":true}]}}